{"id":14,"date":"2025-03-16T18:53:22","date_gmt":"2025-03-16T18:53:22","guid":{"rendered":"https:\/\/www.fastforwardmediation.nl\/?page_id=14"},"modified":"2025-03-17T16:56:33","modified_gmt":"2025-03-17T15:56:33","slug":"tarieven","status":"publish","type":"page","link":"https:\/\/www.fastforwardmediation.nl\/?page_id=14","title":{"rendered":"Aanpak en tarieven"},"content":{"rendered":"\n<div class=\"wp-block-group alignfull is-style-section-2 has-accent-background-color has-background has-global-padding is-layout-constrained wp-block-group-is-layout-constrained\" style=\"margin-top:0;margin-bottom:0;padding-top:var(--wp--preset--spacing--60);padding-bottom:var(--wp--preset--spacing--60)\">\n<div class=\"wp-block-columns alignwide is-layout-flex wp-container-core-columns-is-layout-1 wp-block-columns-is-layout-flex\">\n<div class=\"wp-block-column is-layout-flow wp-block-column-is-layout-flow\" style=\"flex-basis:40%\">\n<figure class=\"wp-block-image size-full\"><img loading=\"lazy\" decoding=\"async\" width=\"612\" height=\"459\" src=\"https:\/\/www.fastforwardmediation.nl\/wp-content\/uploads\/2025\/03\/istockphoto-469993370-612x612-1.jpg\" alt=\"\" class=\"wp-image-49\" srcset=\"https:\/\/www.fastforwardmediation.nl\/wp-content\/uploads\/2025\/03\/istockphoto-469993370-612x612-1.jpg 612w, https:\/\/www.fastforwardmediation.nl\/wp-content\/uploads\/2025\/03\/istockphoto-469993370-612x612-1-300x225.jpg 300w\" sizes=\"auto, (max-width: 612px) 100vw, 612px\" \/><\/figure>\n<\/div>\n\n\n\n<div class=\"wp-block-column is-vertically-aligned-center is-layout-flow wp-container-core-column-is-layout-2 wp-block-column-is-layout-flow\" style=\"flex-basis:60%\">\n<h2 class=\"wp-block-heading has-xx-large-font-size\">Aanpak <\/h2>\n\n\n\n<p>Stap 1: Stuur vrijblijvend een mail naar info@fastforwardmediation.nl met daarin de beschrijving van het probleem en uw contactgegevens. Ik neem binnen 48 uur contact met u op.<\/p>\n\n\n\n<p style=\"margin-top:var(--wp--preset--spacing--10);margin-right:0;margin-bottom:var(--wp--preset--spacing--10);margin-left:0\">Stap 2: Ik bel u op voor een kort gesprek. Wij bespreken globaal wat er speelt. Ook plannen wij een afspraak in voor een (online) intakegesprek.<\/p>\n\n\n\n<p style=\"margin-top:var(--wp--preset--spacing--10);margin-bottom:var(--wp--preset--spacing--10)\">Stap 3: Intakegesprekken voer ik met iedere partij apart. In deze vertrouwelijke gesprekken beoordelen wij samen of de kwestie zich leent voor mediation en of er een klik is. De locatie is bij voorkeur op een neutrale plaats, maar kan ook indien gewenst bij de werkgever.<\/p>\n\n\n\n<p style=\"margin-top:var(--wp--preset--spacing--10);margin-bottom:var(--wp--preset--spacing--10)\">Stap 4: Vervolgens hebben wij \u00e9\u00e9n, maar meestal \u00e9\u00e9n tot drie gesprekken van maximaal twee uur. Dit gesprek start met het toelichten en tekenen van de mediationovereenkomst. Dit om de vrijwilligheid en vertrouwelijkheid van alle partijen te borgen. Uiteraard krijgen partijen daarna de tijd om hun kant van de kwestie te vertellen. Mijn doel is om daarna direct de wensen en behoeften in kaart te brengen en die met jullie te bespreken.<\/p>\n\n\n\n<p style=\"margin-top:0;margin-bottom:0\">Stap 5: Ik leg de afspraken schriftelijk vast en maak indien nodig een vaststellingsovereenkomst op.<\/p>\n\n\n\n<h2 class=\"wp-block-heading\">Tarieven<\/h2>\n\n\n\n<p>Het uurtarief is 120 euro exclusief BTW. Het tarief is inclusief reistijd en exclusief reiskosten en eventuele huur van een locatie. U krijgt hiervoor: begeleiding van intake- en mediationgesprekken, voorbereidingsactiviteiten, vastlegging van afspraken en contactmomenten.<\/p>\n\n\n\n<p><\/p>\n<\/div>\n<\/div>\n<\/div>\n\n\n\n<div class=\"wp-block-group alignfull is-style-section-5 has-global-padding is-layout-constrained wp-block-group-is-layout-constrained\" style=\"margin-top:0;margin-bottom:0;padding-top:var(--wp--preset--spacing--50);padding-bottom:var(--wp--preset--spacing--50)\"><\/div>\n\n\n\n<p><\/p>\n","protected":false},"excerpt":{"rendered":"<p>Aanpak Stap 1: Stuur vrijblijvend een mail naar info@fastforwardmediation.nl met daarin de beschrijving van het probleem en uw contactgegevens. Ik neem binnen 48 uur contact met u op. Stap 2: Ik bel u op voor een kort gesprek. Wij bespreken globaal wat er speelt. Ook plannen wij een afspraak in voor een (online) intakegesprek. Stap [&hellip;]<\/p>\n","protected":false},"author":2,"featured_media":0,"parent":0,"menu_order":0,"comment_status":"closed","ping_status":"closed","template":"","meta":{"footnotes":""},"class_list":["post-14","page","type-page","status-publish","hentry"],"_links":{"self":[{"href":"https:\/\/www.fastforwardmediation.nl\/index.php?rest_route=\/wp\/v2\/pages\/14","targetHints":{"allow":["GET"]}}],"collection":[{"href":"https:\/\/www.fastforwardmediation.nl\/index.php?rest_route=\/wp\/v2\/pages"}],"about":[{"href":"https:\/\/www.fastforwardmediation.nl\/index.php?rest_route=\/wp\/v2\/types\/page"}],"author":[{"embeddable":true,"href":"https:\/\/www.fastforwardmediation.nl\/index.php?rest_route=\/wp\/v2\/users\/2"}],"replies":[{"embeddable":true,"href":"https:\/\/www.fastforwardmediation.nl\/index.php?rest_route=%2Fwp%2Fv2%2Fcomments&post=14"}],"version-history":[{"count":8,"href":"https:\/\/www.fastforwardmediation.nl\/index.php?rest_route=\/wp\/v2\/pages\/14\/revisions"}],"predecessor-version":[{"id":84,"href":"https:\/\/www.fastforwardmediation.nl\/index.php?rest_route=\/wp\/v2\/pages\/14\/revisions\/84"}],"wp:attachment":[{"href":"https:\/\/www.fastforwardmediation.nl\/index.php?rest_route=%2Fwp%2Fv2%2Fmedia&parent=14"}],"curies":[{"name":"wp","href":"https:\/\/api.w.org\/{rel}","templated":true}]}}